{"id":14427,"date":"2020-02-12T10:04:36","date_gmt":"2020-02-12T09:04:36","guid":{"rendered":"https:\/\/www.khboddin.com\/?page_id=14427"},"modified":"2024-01-19T10:27:42","modified_gmt":"2024-01-19T09:27:42","slug":"startseite","status":"publish","type":"page","link":"https:\/\/www.khboddin.com\/es\/","title":{"rendered":"Startseite"},"content":{"rendered":"<div class=\"wpb-content-wrapper\"><p>[vc_row heading_color=\u201clight\u201d bg_type=\u201ccolor\u201d padding_top_multiplier=\u201d\u201d padding_bottom_multiplier=\u201c3x\u201d columns_gap=\u201c60\u201d equal_column_height=\u201cmiddle-content\u201d tablet_portrait_equal_column_height=\u201cfalse\u201d mobile_equal_column_height=\u201cfalse\u201d bg_color=\u201c#262e39\u201d font_color=\u201d#ffffff\u201d][vc_column width=\u201c1\/2\u201d][\/vc_column][vc_column width=\u201c1\/2\u201d][vc_column_text]<strong>Creamos seguridad en el abastecimiento.<\/strong><\/p>\n<p>Aditivos alimen\u00adtarios<br>\nAditivos para alimentos de mascotas<br>\nAditivos para piensos<br>\nMaterias primas agroqu\u00edmicos<br>\nMaterias primas qu\u00edmicas<br>\nProductos inter\u00admedios qu\u00edmicos y farmac\u00e9uticos<\/p>\n<p>Confiable. Alta calidad.<br>\nAlto rendimiento.<\/p>\n<p>Somos un nexo confiable entre los or\u00edgenes de las materias primas y las indus\u00adtrias trans\u00adforma\u00addoras, siempre mantenemos en la mira los \u00faltimos desar\u00adrollos de la industria. Esto es la base de nuestro \u00e9xito desde 1991.[\/vc_column_text][\/vc_column][\/vc_row][vc_row heading_color=\u201clight\u201d bg_type=\u201ccolor\u201d columns_gap=\u201c60\u201d equal_column_height=\u201cmiddle-content\u201d tablet_portrait_equal_column_height=\u201cfalse\u201d mobile_equal_column_height=\u201cfalse\u201d bg_color=\u201c#262e39\u201d font_color=\u201d#ffffff\u201d][vc_column width=\u201c1\/2\u201d]<\/p><div class=\"grve-element grve-image grve-align-left grve-full-image grve-image-space-100\" style>  <div class=\"grve-image-wrapper\"><img loading=\"lazy\" decoding=\"async\" width=\"273\" height=\"341\" src=\"https:\/\/www.khboddin.com\/wp-content\/uploads\/2019\/12\/fotolia_5918608-edit.jpg\" class=\"attachment-movedo-grve-small-rect-vertical size-movedo-grve-small-rect-vertical\" alt srcset=\"https:\/\/www.khboddin.com\/wp-content\/uploads\/2019\/12\/fotolia_5918608-edit.jpg 273w, https:\/\/www.khboddin.com\/wp-content\/uploads\/2019\/12\/fotolia_5918608-edit-240x300.jpg 240w\" sizes=\"auto, (max-width: 273px) 100vw, 273px\">   <\/div><\/div>[\/vc_column][vc_column width=\u201c1\/2\u201d]<h3 class=\"grve-element grve-title grve-align-left grve-h1 grve-increase-heading grve-heading-200\" style><span>\u00bbHacemos las cosas&nbsp;bien.\u00ab<\/span><\/h3>[\/vc_column][\/vc_row][vc_row disable_element=\u201cyes\u201d bg_type=\u201ccolor\u201d padding_top_multiplier=\u201c4x\u201d padding_bottom_multiplier=\u201c4x\u201d bg_color=\u201d#ffffff\u201d font_color=\u201d#0a0a0a\u201d][vc_column]<p class=\"wpcf7-contact-form-not-found\"><strong>Error:<\/strong> Formu\u00adlario de contacto no encontrado.<\/p>[\/vc_column][\/vc_row]\n<\/div>","protected":false},"excerpt":{"rendered":"<p>[vc_row heading_color=\u201clight\u201d bg_type=\u201ccolor\u201d padding_top_multiplier=\u201d\u201d padding_bottom_multiplier=\u201c3x\u201d columns_gap=\u201c60\u201d equal_column_height=\u201cmiddle-content\u201d tablet_portrait_equal_column_height=\u201cfalse\u201d mobile_equal_column_height=\u201cfalse\u201d bg_color=\u201c#262e39\u201d font_color=\u201d#ffffff\u201d][vc_column width=\u201c1\/2\u201d][\/vc_column][vc_column width=\u201c1\/2\u201d][vc_column_text]Creamos seguridad en el abaste\u00adci\u00admiento. Aditivos alimen\u00adtarios Aditivos para alimentos de mascotas Aditivos para piensos Materias primas agroqu\u00ed\u00admicos Materias primas qu\u00edmicas Productos inter\u00admedios qu\u00edmicos y farma\u00adc\u00e9uticos Confiable. Alta calidad. Alto rendi\u00admiento. Somos un nexo confiable entre los or\u00edgenes de las materias primas y&nbsp;[\u2026]<\/p>\n","protected":false},"author":4,"featured_media":0,"parent":0,"menu_order":0,"comment_status":"closed","ping_status":"closed","template":"","meta":{"wp_typography_post_enhancements_disabled":false,"footnotes":""},"class_list":["post-14427","page","type-page","status-publish","hentry"],"yoast_head":"<!-- This site is optimized with the Yoast SEO plugin v27.5 - https:\/\/yoast.com\/product\/yoast-seo-wordpress\/ -->\n<title>Startseite - KHBoddin GmbH<\/title>\n<meta name=\"robots\" content=\"index, follow, max-snippet:-1, max-image-preview:large, max-video-preview:-1\" \/>\n<link rel=\"canonical\" href=\"https:\/\/www.khboddin.com\/es\/\" \/>\n<meta property=\"og:locale\" content=\"es_ES\" \/>\n<meta property=\"og:type\" content=\"article\" \/>\n<meta property=\"og:title\" content=\"Startseite - KHBoddin GmbH\" \/>\n<meta property=\"og:description\" content=\"[vc_row heading_color=\u201clight\u201d bg_type=\u201ccolor\u201d padding_top_multiplier=\u201d\u201d padding_bottom_multiplier=\u201c3x\u201d columns_gap=\u201c60\u201d equal_column_height=\u201cmiddle-content\u201d tablet_portrait_equal_column_height=\u201cfalse\u201d mobile_equal_column_height=\u201cfalse\u201d bg_color=\u201c#262e39\u201d font_color=\u201d#ffffff\u201d][vc_column width=\u201c1\/2\u201d][\/vc_column][vc_column width=\u201c1\/2\u201d][vc_column_text]Creamos seguridad en el abastecimiento. Aditivos alimen\u00adtarios Aditivos para alimentos de mascotas Aditivos para piensos Materias primas agroqu\u00edmicos Materias primas qu\u00edmicas Productos inter\u00admedios qu\u00edmicos y farmac\u00e9uticos Confiable. Alta calidad. Alto rendimiento. Somos un nexo confiable entre los or\u00edgenes de las materias primas y [&hellip;]\" \/>\n<meta property=\"og:url\" content=\"https:\/\/www.khboddin.com\/es\/\" \/>\n<meta property=\"og:site_name\" content=\"KHBoddin GmbH\" \/>\n<meta property=\"article:modified_time\" content=\"2024-01-19T09:27:42+00:00\" \/>\n<meta name=\"twitter:card\" content=\"summary_large_image\" \/>\n<meta name=\"twitter:label1\" content=\"Tiempo de lectura\" \/>\n\t<meta name=\"twitter:data1\" content=\"1 minuto\" \/>\n<script type=\"application\/ld+json\" class=\"yoast-schema-graph\">{\"@context\":\"https:\\\/\\\/schema.org\",\"@graph\":[{\"@type\":\"WebPage\",\"@id\":\"https:\\\/\\\/www.khboddin.com\\\/es\\\/\",\"url\":\"https:\\\/\\\/www.khboddin.com\\\/es\\\/\",\"name\":\"Startseite - KHBoddin GmbH\",\"isPartOf\":{\"@id\":\"https:\\\/\\\/www.khboddin.com\\\/#website\"},\"datePublished\":\"2020-02-12T09:04:36+00:00\",\"dateModified\":\"2024-01-19T09:27:42+00:00\",\"breadcrumb\":{\"@id\":\"https:\\\/\\\/www.khboddin.com\\\/es\\\/#breadcrumb\"},\"inLanguage\":\"es\",\"potentialAction\":[{\"@type\":\"ReadAction\",\"target\":[\"https:\\\/\\\/www.khboddin.com\\\/es\\\/\"]}]},{\"@type\":\"BreadcrumbList\",\"@id\":\"https:\\\/\\\/www.khboddin.com\\\/es\\\/#breadcrumb\",\"itemListElement\":[{\"@type\":\"ListItem\",\"position\":1,\"name\":\"Startseite\",\"item\":\"https:\\\/\\\/www.khboddin.com\\\/es\\\/\"},{\"@type\":\"ListItem\",\"position\":2,\"name\":\"Startseite\"}]},{\"@type\":\"WebSite\",\"@id\":\"https:\\\/\\\/www.khboddin.com\\\/#website\",\"url\":\"https:\\\/\\\/www.khboddin.com\\\/\",\"name\":\"KHBoddin GmbH\",\"description\":\"\",\"potentialAction\":[{\"@type\":\"SearchAction\",\"target\":{\"@type\":\"EntryPoint\",\"urlTemplate\":\"https:\\\/\\\/www.khboddin.com\\\/?s={search_term_string}\"},\"query-input\":{\"@type\":\"PropertyValueSpecification\",\"valueRequired\":true,\"valueName\":\"search_term_string\"}}],\"inLanguage\":\"es\"}]}<\/script>\n<!-- \/ Yoast SEO plugin. -->","yoast_head_json":{"title":"Startseite - KHBoddin GmbH","robots":{"index":"index","follow":"follow","max-snippet":"max-snippet:-1","max-image-preview":"max-image-preview:large","max-video-preview":"max-video-preview:-1"},"canonical":"https:\/\/www.khboddin.com\/es\/","og_locale":"es_ES","og_type":"article","og_title":"Startseite - KHBoddin GmbH","og_description":"[vc_row heading_color=\u201clight\u201d bg_type=\u201ccolor\u201d padding_top_multiplier=\u201d\u201d padding_bottom_multiplier=\u201c3x\u201d columns_gap=\u201c60\u201d equal_column_height=\u201cmiddle-content\u201d tablet_portrait_equal_column_height=\u201cfalse\u201d mobile_equal_column_height=\u201cfalse\u201d bg_color=\u201c#262e39\u201d font_color=\u201d#ffffff\u201d][vc_column width=\u201c1\/2\u201d][\/vc_column][vc_column width=\u201c1\/2\u201d][vc_column_text]Creamos seguridad en el abastecimiento. Aditivos alimen\u00adtarios Aditivos para alimentos de mascotas Aditivos para piensos Materias primas agroqu\u00edmicos Materias primas qu\u00edmicas Productos inter\u00admedios qu\u00edmicos y farmac\u00e9uticos Confiable. Alta calidad. Alto rendimiento. Somos un nexo confiable entre los or\u00edgenes de las materias primas y [&hellip;]","og_url":"https:\/\/www.khboddin.com\/es\/","og_site_name":"KHBoddin GmbH","article_modified_time":"2024-01-19T09:27:42+00:00","twitter_card":"summary_large_image","twitter_misc":{"Tiempo de lectura":"1 minuto"},"schema":{"@context":"https:\/\/schema.org","@graph":[{"@type":"WebPage","@id":"https:\/\/www.khboddin.com\/es\/","url":"https:\/\/www.khboddin.com\/es\/","name":"Startseite - KHBoddin GmbH","isPartOf":{"@id":"https:\/\/www.khboddin.com\/#website"},"datePublished":"2020-02-12T09:04:36+00:00","dateModified":"2024-01-19T09:27:42+00:00","breadcrumb":{"@id":"https:\/\/www.khboddin.com\/es\/#breadcrumb"},"inLanguage":"es","potentialAction":[{"@type":"ReadAction","target":["https:\/\/www.khboddin.com\/es\/"]}]},{"@type":"BreadcrumbList","@id":"https:\/\/www.khboddin.com\/es\/#breadcrumb","itemListElement":[{"@type":"ListItem","position":1,"name":"Startseite","item":"https:\/\/www.khboddin.com\/es\/"},{"@type":"ListItem","position":2,"name":"Startseite"}]},{"@type":"WebSite","@id":"https:\/\/www.khboddin.com\/#website","url":"https:\/\/www.khboddin.com\/","name":"KHBoddin GmbH","description":"","potentialAction":[{"@type":"SearchAction","target":{"@type":"EntryPoint","urlTemplate":"https:\/\/www.khboddin.com\/?s={search_term_string}"},"query-input":{"@type":"PropertyValueSpecification","valueRequired":true,"valueName":"search_term_string"}}],"inLanguage":"es"}]}},"_links":{"self":[{"href":"https:\/\/www.khboddin.com\/es\/wp-json\/wp\/v2\/pages\/14427","targetHints":{"allow":["GET"]}}],"collection":[{"href":"https:\/\/www.khboddin.com\/es\/wp-json\/wp\/v2\/pages"}],"about":[{"href":"https:\/\/www.khboddin.com\/es\/wp-json\/wp\/v2\/types\/page"}],"author":[{"embeddable":true,"href":"https:\/\/www.khboddin.com\/es\/wp-json\/wp\/v2\/users\/4"}],"replies":[{"embeddable":true,"href":"https:\/\/www.khboddin.com\/es\/wp-json\/wp\/v2\/comments?post=14427"}],"version-history":[{"count":12,"href":"https:\/\/www.khboddin.com\/es\/wp-json\/wp\/v2\/pages\/14427\/revisions"}],"predecessor-version":[{"id":15081,"href":"https:\/\/www.khboddin.com\/es\/wp-json\/wp\/v2\/pages\/14427\/revisions\/15081"}],"wp:attachment":[{"href":"https:\/\/www.khboddin.com\/es\/wp-json\/wp\/v2\/media?parent=14427"}],"curies":[{"name":"wp","href":"https:\/\/api.w.org\/{rel}","templated":true}]}}