{"id":14465,"date":"2020-02-12T14:23:13","date_gmt":"2020-02-12T13:23:13","guid":{"rendered":"https:\/\/www.khboddin.com\/?page_id=14465"},"modified":"2024-01-19T10:49:13","modified_gmt":"2024-01-19T09:49:13","slug":"codigos-comerciales","status":"publish","type":"page","link":"https:\/\/www.khboddin.com\/es\/codigos-comerciales\/","title":{"rendered":"C\u00f3digos comerciales"},"content":{"rendered":"<div class=\"wpb-content-wrapper\"><p>[vc_row heading_color=\u201clight\u201d bg_type=\u201ccolor\u201d padding_top_multiplier=\u201d\u201d padding_bottom_multiplier=\u201c4x\u201d columns_gap=\u201c60\u201d equal_column_height=\u201cequal-column\u201d mobile_equal_column_height=\u201cfalse\u201d bg_color=\u201c#262e39\u201d font_color=\u201d#ffffff\u201d][vc_column width=\u201c1\/2\u201d][vc_column_text]<strong>1. Est\u00e1n\u00addares<\/strong><br>\nNuestros prove\u00adedores deben cumplir con altos est\u00e1n\u00addares desde la fabri\u00adcaci\u00f3n hasta la entrega de la merca\u00adder\u00eda. Estos requer\u00adimi\u00adentos exigentes de calidad se aplican en toda la cadena de suministro. El cuidado animal, los aspectos ambien\u00adtales y derechos humanos forman parte de ellos. Principios y sistemas recono\u00adcidos a nivel mundial ayudan con&nbsp;esto.<br>\nLos contra\u00adtistas garan\u00adtizan que los subcont\u00adra\u00adtistas utilizados tambi\u00e9n cumplan con los requi\u00adsitos espec\u00ed\u00adficos de este C\u00f3digo de Conducta en una cadena continua.<\/p>\n<p><strong>2. Calidad<\/strong><br>\nSiempre manejamos los productos de manera responsable. Nuestra forma de actuar va de acuerdo a los principios de las normas ISO 9001, GMP+ B3 y&nbsp;HACCP.<\/p>\n<p><strong>3. Integridad<\/strong><br>\nNuestros prove\u00adedores est\u00e1n obligados a cumplir con los derechos humanos funda\u00admen\u00adtales, as\u00ed como con las leyes nacio\u00adnales vigentes. Nosotros nos condu\u00adcimos con integridad y equidad en todas nuestras activ\u00adi\u00addades comerciales.<\/p>\n<p><strong>4. Soborno y corrupci\u00f3n<\/strong><br>\nMantenemos una l\u00ednea clara con respecto a los sobornos y corrupci\u00f3n: Los traba\u00adja\u00addores de KH Boddin GmbH no ofrecen sobornos o coimas y no aceptan este tipo de presta\u00adciones. Nos acogemos a las leyes nacio\u00adnales e inter\u00adna\u00adcio\u00adnales en contra de pagos indebidos a funcio\u00adnarios p\u00fablicos.<\/p>\n<p><strong>5. Est\u00e1n\u00addares sociales<\/strong><br>\nKHB no tolera en sus prove\u00adedores ninguna forma de explot\u00adaci\u00f3n como por ejemplo trabajo forzado o trabajo infantil. En KH Boddin GmbH otorgamos especial importancia a estas normas. Por lo tanto, rechazamos tanto la coope\u00adraci\u00f3n con prove\u00adedores como el suministro a clientes que no cumplen con estos est\u00e1ndares.<\/p>\n<p><strong>6. Leyes<\/strong><br>\nLas leyes y regla\u00admenta\u00adciones nacio\u00adnales vigentes, las normas indus\u00adtriales m\u00ednimas, los convenios de la OIT, los convenios de las Naciones Unidas, as\u00ed como todas las dem\u00e1s dispo\u00adsi\u00adciones legales perti\u00adnentes se deben cumplir de manera rigurosa.<\/p>\n<p><strong>7. Libertad de asociaci\u00f3n y derecho a la negociaci\u00f3n colectiva&nbsp;<\/strong><br>\nEn los casos o pa\u00edses donde el derecho a la libertad de asociaci\u00f3n y el derecho a la negociaci\u00f3n colectiva est\u00e1n limitados por ley, se deben crear formas alter\u00adna\u00adtivas de organi\u00adzaci\u00f3n y negociaci\u00f3n indepen\u00addi\u00adentes y libres.<\/p>\n<p><strong>8. Prohi\u00adbici\u00f3n a la discriminaci\u00f3n<\/strong><br>\nCualquier forma de discri\u00admi\u00adnaci\u00f3n ya sea por g\u00e9nero, edad, religi\u00f3n, raza, proce\u00addencia social, invalidez, nacio\u00adnalidad, posici\u00f3n pol\u00edtica, orient\u00adaci\u00f3n sexual u otras carac\u00adte\u00adr\u00ed\u00adsticas perso\u00adnales no ser\u00e1n toleradas.[\/vc_column_text][\/vc_column][vc_column width=\u201c1\/2\u201d][vc_column_text]<strong>9. Sueldos<\/strong><br>\nLos sueldos por el horario de trabajo regular, asi como sobre\u00adtiempo, est\u00e1n regulados por el sueldo m\u00ednimo nacional y\/o el est\u00e1ndar de la industria (Como m\u00ednimo). No se permiten reduc\u00adciones en el sueldo en contra de la ley o sin consen\u00adti\u00admiento mutuo. En caso que el sueldo m\u00ednimo no cubra los costos de vida m\u00ednimos, la empresa est\u00e1 obligada a propor\u00adcionar una remun\u00aderaci\u00f3n justa y adecuada a sus empleados.<\/p>\n<p><strong>10. Horario de trabajo<\/strong><br>\nHoras extra solo se realizan volun\u00adt\u00ada\u00adria\u00admente. No se debe sobre\u00adpasar 48 horas de trabajo a la semana. Luego de 6 semanas de trabajo, los traba\u00adja\u00addores tienen derecho a m\u00ednimo un d\u00eda&nbsp;libre.<\/p>\n<p><strong>11. Salud y seguridad<\/strong><br>\nSe han establecido normas y proce\u00addi\u00admi\u00adentos claros en el lugar de trabajo. Estas deben ser cumplidas sin excepci\u00f3n. No se permiten tareas que violen los derechos humanos<\/p>\n<p><strong>12. Trabajo infantil<\/strong><br>\nEl trabajo infantil est\u00e1 prohibido. Este est\u00e1 definido en las conven\u00adciones de la OIT, de la Naciones Unidas y la ley nacional. De las mencio\u00adnadas se debe seguir la norma m\u00e1s estricta. Se prohibe cualquier tipo de explot\u00adaci\u00f3n de&nbsp;ni\u00f1os.<\/p>\n<p><strong>13. Trabajo forzado<\/strong><br>\nCualquier forma de trabajo forzado no ser\u00e1 tolerada por nosotros.<\/p>\n<p><strong>14. Medio ambiente y seguridad<\/strong><br>\nLos requi\u00adsitos m\u00ednimos legales para el manejo de productos qu\u00edmicos, desechos y sustancias peligrosas,&nbsp;emisiones y aguas residuales, as\u00ed como su elimi\u00adnaci\u00f3n deben cumplirse o, mejor a\u00fan, superarse. Siempre que sea posible y razonable promo\u00advemos la producci\u00f3n de productos y \/ o procesos ecol\u00f3gicos.<\/p>\n<p><strong>15. Empaques\u2028<\/strong><br>\nComo se pueden evitar desper\u00addicios poste\u00adriores durante el dise\u00f1o del empaque, KHB pide a sus prove\u00adedores que mantengan los vol\u00famenes de empaque al m\u00ednimo. La compa\u00f1\u00eda tambi\u00e9n se compromete a fomentar el uso de materiales reciclables.<\/p>\n<p><strong>16. Coope\u00adraci\u00f3n con proveedores<\/strong><br>\nKH Boddin GmbH apoya a sus prove\u00adedores, si es necesario en coope\u00adra\u00adciones, para que cumplan con los est\u00e1n\u00addares inter\u00adna\u00adcio\u00adnal\u00admente reconocidos.[\/vc_column_text][\/vc_column][\/vc_row][vc_row heading_color=\u201cprimary-1\u201d bg_type=\u201ccolor\u201d padding_top_multiplier=\u201c3x\u201d padding_bottom_multiplier=\u201c3x\u201d bg_color=\u201d#ffffff\u201d][vc_column vertical_content_position=\u201cmiddle\u201d text_align=\u201ccenter\u201d]<\/p><h3 class=\"grve-element grve-title grve-align-center grve-subtitle-text\" style><span><em>\u00bbConfirmado: Este c\u00f3digo de conducta<br>\nlo tomamos en serio&nbsp;y<br>\npor lo tanto vivimos de acuerdo a&nbsp;\u00e9l.\u00ab<\/em><\/span><\/h3>[\/vc_column][\/vc_row]\n<\/div>","protected":false},"excerpt":{"rendered":"<p>[vc_row heading_color=\u201clight\u201d bg_type=\u201ccolor\u201d padding_top_multiplier=\u201d\u201d padding_bottom_multiplier=\u201c4x\u201d columns_gap=\u201c60\u201d equal_column_height=\u201cequal-column\u201d mobile_equal_column_height=\u201cfalse\u201d bg_color=\u201c#262e39\u201d font_color=\u201d#ffffff\u201d][vc_column width=\u201c1\/2\u201d][vc_column_text]1. Est\u00e1n\u00addares Nuestros prove\u00adedores deben cumplir con altos est\u00e1n\u00addares desde la fabri\u00adcaci\u00f3n hasta la entrega de la merca\u00adder\u00eda. Estos requer\u00adimi\u00adentos exigentes de calidad se aplican en toda la cadena de suministro. El cuidado animal, los aspectos ambien\u00adtales y derechos humanos forman parte de ellos. Principios&nbsp;[\u2026]<\/p>\n","protected":false},"author":4,"featured_media":0,"parent":0,"menu_order":0,"comment_status":"closed","ping_status":"closed","template":"","meta":{"wp_typography_post_enhancements_disabled":false,"footnotes":""},"class_list":["post-14465","page","type-page","status-publish","hentry"],"yoast_head":"<!-- This site is optimized with the Yoast SEO plugin v27.5 - https:\/\/yoast.com\/product\/yoast-seo-wordpress\/ -->\n<title>C\u00f3digos comerciales - KHBoddin GmbH<\/title>\n<meta name=\"robots\" content=\"index, follow, max-snippet:-1, max-image-preview:large, max-video-preview:-1\" \/>\n<link rel=\"canonical\" href=\"https:\/\/www.khboddin.com\/es\/codigos-comerciales\/\" \/>\n<meta property=\"og:locale\" content=\"es_ES\" \/>\n<meta property=\"og:type\" content=\"article\" \/>\n<meta property=\"og:title\" content=\"C\u00f3digos comerciales - KHBoddin GmbH\" \/>\n<meta property=\"og:description\" content=\"[vc_row heading_color=\u201clight\u201d bg_type=\u201ccolor\u201d padding_top_multiplier=\u201d\u201d padding_bottom_multiplier=\u201c4x\u201d columns_gap=\u201c60\u201d equal_column_height=\u201cequal-column\u201d mobile_equal_column_height=\u201cfalse\u201d bg_color=\u201c#262e39\u201d font_color=\u201d#ffffff\u201d][vc_column width=\u201c1\/2\u201d][vc_column_text]1. Est\u00e1n\u00addares Nuestros prove\u00adedores deben cumplir con altos est\u00e1n\u00addares desde la fabri\u00adcaci\u00f3n hasta la entrega de la merca\u00adder\u00eda. Estos requer\u00adimi\u00adentos exigentes de calidad se aplican en toda la cadena de suministro. El cuidado animal, los aspectos ambien\u00adtales y derechos humanos forman parte de ellos. Principios [&hellip;]\" \/>\n<meta property=\"og:url\" content=\"https:\/\/www.khboddin.com\/es\/codigos-comerciales\/\" \/>\n<meta property=\"og:site_name\" content=\"KHBoddin GmbH\" \/>\n<meta property=\"article:modified_time\" content=\"2024-01-19T09:49:13+00:00\" \/>\n<meta name=\"twitter:card\" content=\"summary_large_image\" \/>\n<meta name=\"twitter:label1\" content=\"Tiempo de lectura\" \/>\n\t<meta name=\"twitter:data1\" content=\"4 minutos\" \/>\n<script type=\"application\/ld+json\" class=\"yoast-schema-graph\">{\"@context\":\"https:\\\/\\\/schema.org\",\"@graph\":[{\"@type\":\"WebPage\",\"@id\":\"https:\\\/\\\/www.khboddin.com\\\/es\\\/codigos-comerciales\\\/\",\"url\":\"https:\\\/\\\/www.khboddin.com\\\/es\\\/codigos-comerciales\\\/\",\"name\":\"C\u00f3digos comerciales - KHBoddin GmbH\",\"isPartOf\":{\"@id\":\"https:\\\/\\\/www.khboddin.com\\\/#website\"},\"datePublished\":\"2020-02-12T13:23:13+00:00\",\"dateModified\":\"2024-01-19T09:49:13+00:00\",\"breadcrumb\":{\"@id\":\"https:\\\/\\\/www.khboddin.com\\\/es\\\/codigos-comerciales\\\/#breadcrumb\"},\"inLanguage\":\"es\",\"potentialAction\":[{\"@type\":\"ReadAction\",\"target\":[\"https:\\\/\\\/www.khboddin.com\\\/es\\\/codigos-comerciales\\\/\"]}]},{\"@type\":\"BreadcrumbList\",\"@id\":\"https:\\\/\\\/www.khboddin.com\\\/es\\\/codigos-comerciales\\\/#breadcrumb\",\"itemListElement\":[{\"@type\":\"ListItem\",\"position\":1,\"name\":\"Startseite\",\"item\":\"https:\\\/\\\/www.khboddin.com\\\/es\\\/\"},{\"@type\":\"ListItem\",\"position\":2,\"name\":\"C\u00f3digos comerciales\"}]},{\"@type\":\"WebSite\",\"@id\":\"https:\\\/\\\/www.khboddin.com\\\/#website\",\"url\":\"https:\\\/\\\/www.khboddin.com\\\/\",\"name\":\"KHBoddin GmbH\",\"description\":\"\",\"potentialAction\":[{\"@type\":\"SearchAction\",\"target\":{\"@type\":\"EntryPoint\",\"urlTemplate\":\"https:\\\/\\\/www.khboddin.com\\\/?s={search_term_string}\"},\"query-input\":{\"@type\":\"PropertyValueSpecification\",\"valueRequired\":true,\"valueName\":\"search_term_string\"}}],\"inLanguage\":\"es\"}]}<\/script>\n<!-- \/ Yoast SEO plugin. -->","yoast_head_json":{"title":"C\u00f3digos comerciales - KHBoddin GmbH","robots":{"index":"index","follow":"follow","max-snippet":"max-snippet:-1","max-image-preview":"max-image-preview:large","max-video-preview":"max-video-preview:-1"},"canonical":"https:\/\/www.khboddin.com\/es\/codigos-comerciales\/","og_locale":"es_ES","og_type":"article","og_title":"C\u00f3digos comerciales - KHBoddin GmbH","og_description":"[vc_row heading_color=\u201clight\u201d bg_type=\u201ccolor\u201d padding_top_multiplier=\u201d\u201d padding_bottom_multiplier=\u201c4x\u201d columns_gap=\u201c60\u201d equal_column_height=\u201cequal-column\u201d mobile_equal_column_height=\u201cfalse\u201d bg_color=\u201c#262e39\u201d font_color=\u201d#ffffff\u201d][vc_column width=\u201c1\/2\u201d][vc_column_text]1. Est\u00e1n\u00addares Nuestros prove\u00adedores deben cumplir con altos est\u00e1n\u00addares desde la fabri\u00adcaci\u00f3n hasta la entrega de la merca\u00adder\u00eda. Estos requer\u00adimi\u00adentos exigentes de calidad se aplican en toda la cadena de suministro. El cuidado animal, los aspectos ambien\u00adtales y derechos humanos forman parte de ellos. Principios [&hellip;]","og_url":"https:\/\/www.khboddin.com\/es\/codigos-comerciales\/","og_site_name":"KHBoddin GmbH","article_modified_time":"2024-01-19T09:49:13+00:00","twitter_card":"summary_large_image","twitter_misc":{"Tiempo de lectura":"4 minutos"},"schema":{"@context":"https:\/\/schema.org","@graph":[{"@type":"WebPage","@id":"https:\/\/www.khboddin.com\/es\/codigos-comerciales\/","url":"https:\/\/www.khboddin.com\/es\/codigos-comerciales\/","name":"C\u00f3digos comerciales - KHBoddin GmbH","isPartOf":{"@id":"https:\/\/www.khboddin.com\/#website"},"datePublished":"2020-02-12T13:23:13+00:00","dateModified":"2024-01-19T09:49:13+00:00","breadcrumb":{"@id":"https:\/\/www.khboddin.com\/es\/codigos-comerciales\/#breadcrumb"},"inLanguage":"es","potentialAction":[{"@type":"ReadAction","target":["https:\/\/www.khboddin.com\/es\/codigos-comerciales\/"]}]},{"@type":"BreadcrumbList","@id":"https:\/\/www.khboddin.com\/es\/codigos-comerciales\/#breadcrumb","itemListElement":[{"@type":"ListItem","position":1,"name":"Startseite","item":"https:\/\/www.khboddin.com\/es\/"},{"@type":"ListItem","position":2,"name":"C\u00f3digos comerciales"}]},{"@type":"WebSite","@id":"https:\/\/www.khboddin.com\/#website","url":"https:\/\/www.khboddin.com\/","name":"KHBoddin GmbH","description":"","potentialAction":[{"@type":"SearchAction","target":{"@type":"EntryPoint","urlTemplate":"https:\/\/www.khboddin.com\/?s={search_term_string}"},"query-input":{"@type":"PropertyValueSpecification","valueRequired":true,"valueName":"search_term_string"}}],"inLanguage":"es"}]}},"_links":{"self":[{"href":"https:\/\/www.khboddin.com\/es\/wp-json\/wp\/v2\/pages\/14465","targetHints":{"allow":["GET"]}}],"collection":[{"href":"https:\/\/www.khboddin.com\/es\/wp-json\/wp\/v2\/pages"}],"about":[{"href":"https:\/\/www.khboddin.com\/es\/wp-json\/wp\/v2\/types\/page"}],"author":[{"embeddable":true,"href":"https:\/\/www.khboddin.com\/es\/wp-json\/wp\/v2\/users\/4"}],"replies":[{"embeddable":true,"href":"https:\/\/www.khboddin.com\/es\/wp-json\/wp\/v2\/comments?post=14465"}],"version-history":[{"count":7,"href":"https:\/\/www.khboddin.com\/es\/wp-json\/wp\/v2\/pages\/14465\/revisions"}],"predecessor-version":[{"id":14861,"href":"https:\/\/www.khboddin.com\/es\/wp-json\/wp\/v2\/pages\/14465\/revisions\/14861"}],"wp:attachment":[{"href":"https:\/\/www.khboddin.com\/es\/wp-json\/wp\/v2\/media?parent=14465"}],"curies":[{"name":"wp","href":"https:\/\/api.w.org\/{rel}","templated":true}]}}