{"id":14470,"date":"2020-02-12T14:35:57","date_gmt":"2020-02-12T13:35:57","guid":{"rendered":"https:\/\/www.khboddin.com\/?page_id=14470"},"modified":"2024-09-25T11:47:30","modified_gmt":"2024-09-25T09:47:30","slug":"nosotros","status":"publish","type":"page","link":"https:\/\/www.khboddin.com\/es\/nosotros\/","title":{"rendered":"Nosotros"},"content":{"rendered":"<div class=\"wpb-content-wrapper\"><p>[vc_row heading_color=\u201clight\u201d bg_type=\u201ccolor\u201d padding_top_multiplier=\u201d\u201d padding_bottom_multiplier=\u201c2x\u201d columns_gap=\u201c60\u201d equal_column_height=\u201cequal-column\u201d mobile_equal_column_height=\u201cfalse\u201d bg_color=\u201c#262e39\u201d font_color=\u201d#ffffff\u201d][vc_column width=\u201c1\/2\u201d][vc_column_text]La responsa\u00adbilidad comercial y social, la honestidad, la claridad, el desempe\u00f1o \u00f3ptimo, as\u00ed como el cumpli\u00admiento de nuestra palabra son la base de nuestra actitud y por lo tanto la actitud de la empresa.<\/p>\n<p>Especial\u00admente en estos tiempos de mercados cada vez m\u00e1s r\u00e1pidos y complejos, nuestro compromiso personal y compe\u00adtencia son m\u00e1s importantes que nunca para conseguir exito\u00adsa\u00admente mayor parti\u00adci\u00adpaci\u00f3n de mercado.<\/p>\n<p>Es por eso que, como un nexo confiable entre los or\u00edgenes de las materias primas y las indus\u00adtrias trans\u00adforma\u00addoras, tenemos siempre en la mira los \u00faltimos desar\u00adrollos en la industria.<\/p>\n<p>La compe\u00adtencia, el manejo responsable de las materias primas, la gesti\u00f3n eficiente, as\u00ed como alta renta\u00adbilidad y rendi\u00admiento, no son para nosotros mera palabrer\u00eda, sino ventajas medibles.[\/vc_column_text][\/vc_column][vc_column vertical_content_position=\u201cbottom\u201d width=\u201c1\/2\u201d][vc_row_inner][vc_column_inner width=\u201c3\/5\u201d][\/vc_column_inner][vc_column_inner width=\u201c2\/5\u201d mobile_width=\u201c1-2\u201d]<\/p><div class=\"grve-element grve-image grve-align-center\" style=\"margin-bottom: 30px;\">  <div class=\"grve-image-wrapper\"><img loading=\"lazy\" decoding=\"async\" width=\"3508\" height=\"5079\" src=\"https:\/\/www.khboddin.com\/wp-content\/uploads\/2024\/09\/ADZ-Siegel-KH-Boddin-GmbH.png\" class=\"attachment-full size-full\" alt srcset=\"https:\/\/www.khboddin.com\/wp-content\/uploads\/2024\/09\/ADZ-Siegel-KH-Boddin-GmbH.png 3508w, https:\/\/www.khboddin.com\/wp-content\/uploads\/2024\/09\/ADZ-Siegel-KH-Boddin-GmbH-207x300.png 207w, https:\/\/www.khboddin.com\/wp-content\/uploads\/2024\/09\/ADZ-Siegel-KH-Boddin-GmbH-707x1024.png 707w, https:\/\/www.khboddin.com\/wp-content\/uploads\/2024\/09\/ADZ-Siegel-KH-Boddin-GmbH-768x1112.png 768w, https:\/\/www.khboddin.com\/wp-content\/uploads\/2024\/09\/ADZ-Siegel-KH-Boddin-GmbH-1061x1536.png 1061w, https:\/\/www.khboddin.com\/wp-content\/uploads\/2024\/09\/ADZ-Siegel-KH-Boddin-GmbH-1415x2048.png 1415w, https:\/\/www.khboddin.com\/wp-content\/uploads\/2024\/09\/ADZ-Siegel-KH-Boddin-GmbH-1326x1920.png 1326w\" sizes=\"auto, (max-width: 3508px) 100vw, 3508px\">   <\/div><\/div>[\/vc_column_inner][\/vc_row_inner][\/vc_column][\/vc_row][vc_row heading_color=\u201clight\u201d section_type=\u201cfullwidth\u201d bg_type=\u201ccolor\u201d padding_top_multiplier=\u201c3x\u201d padding_bottom_multiplier=\u201c4x\u201d columns_gap=\u201c60\u201d bg_color=\u201c#262e39\u201d font_color=\u201d#ffffff\u201d][vc_column width=\u201c1\/2\u201d css=\u201d.vc_custom_1576595073602{margin-left: -60px !important;}\u201d]<div class=\"grve-element grve-image grve-align-left grve-full-image grve-image-space-100\" style>  <div class=\"grve-image-wrapper\"><img loading=\"lazy\" decoding=\"async\" width=\"1600\" height=\"1068\" src=\"https:\/\/www.khboddin.com\/wp-content\/uploads\/2019\/12\/AdobeStock_53495005_web.jpg\" class=\"attachment-full size-full\" alt srcset=\"https:\/\/www.khboddin.com\/wp-content\/uploads\/2019\/12\/AdobeStock_53495005_web.jpg 1600w, https:\/\/www.khboddin.com\/wp-content\/uploads\/2019\/12\/AdobeStock_53495005_web-300x200.jpg 300w, https:\/\/www.khboddin.com\/wp-content\/uploads\/2019\/12\/AdobeStock_53495005_web-1024x684.jpg 1024w, https:\/\/www.khboddin.com\/wp-content\/uploads\/2019\/12\/AdobeStock_53495005_web-768x513.jpg 768w, https:\/\/www.khboddin.com\/wp-content\/uploads\/2019\/12\/AdobeStock_53495005_web-1536x1025.jpg 1536w\" sizes=\"auto, (max-width: 1600px) 100vw, 1600px\">   <\/div><\/div>[\/vc_column][vc_column width=\u201c1\/2\u201d]<h3 class=\"grve-element grve-title grve-align-left grve-h1 grve-increase-heading grve-heading-200\" style><span>Experiencia desde&nbsp;1991<\/span><\/h3><div class=\"grve-empty-space grve-height-1x\" style><\/div>[vc_column_text]Asumimos de manera innovadora y din\u00e1mica la adqui\u00adsici\u00f3n y comer\u00adcia\u00adli\u00adzaci\u00f3n global de materias primas importantes para nuestros socios comer\u00adciales con enfoque orientado al cliente y al largo&nbsp;plazo.\n<p>Aditivos alimen\u00adtarios<br>\nAditivos para alimentos de mascotas<br>\nAditivos para piensos<br>\nMaterias primas agroqu\u00edmicos<br>\nMaterias primas qu\u00edmicas<br>\nProductos inter\u00admedios qu\u00edmicos y farmac\u00e9uticos<\/p>\n<p>Confiable. Alta calidad.<br>\nAlto rendimiento.<\/p>\n<p>Esto lo hemos hecho siempre de manera sostenible, con pasi\u00f3n y \u00e9xito medible.[\/vc_column_text][\/vc_column][\/vc_row][vc_row heading_color=\u201cprimary-1\u201d bg_type=\u201ccolor\u201d padding_top_multiplier=\u201c3x\u201d padding_bottom_multiplier=\u201c3x\u201d bg_color=\u201d#ffffff\u201d][vc_column]<\/p><h3 class=\"grve-element grve-title grve-align-center grve-subtitle-text\" style><span>\u00bbCon nosotros se encuentra siempre en primera fila, completamente informado y seguro.\u00ab<\/span><\/h3>[\/vc_column][\/vc_row]\n<\/div>","protected":false},"excerpt":{"rendered":"<p>[vc_row heading_color=\u201clight\u201d bg_type=\u201ccolor\u201d padding_top_multiplier=\u201d\u201d padding_bottom_multiplier=\u201c2x\u201d columns_gap=\u201c60\u201d equal_column_height=\u201cequal-column\u201d mobile_equal_column_height=\u201cfalse\u201d bg_color=\u201c#262e39\u201d font_color=\u201d#ffffff\u201d][vc_column width=\u201c1\/2\u201d][vc_column_text]La responsa\u00adbilidad comercial y social, la honestidad, la claridad, el desempe\u00f1o \u00f3ptimo, as\u00ed como el cumpli\u00admiento de nuestra palabra son la base de nuestra actitud y por lo tanto la actitud de la empresa. Especial\u00admente en estos tiempos de mercados cada vez m\u00e1s r\u00e1pidos y&nbsp;[\u2026]<\/p>\n","protected":false},"author":4,"featured_media":0,"parent":0,"menu_order":0,"comment_status":"closed","ping_status":"closed","template":"","meta":{"wp_typography_post_enhancements_disabled":false,"footnotes":""},"class_list":["post-14470","page","type-page","status-publish","hentry"],"yoast_head":"<!-- This site is optimized with the Yoast SEO plugin v27.5 - https:\/\/yoast.com\/product\/yoast-seo-wordpress\/ -->\n<title>Nosotros - KHBoddin GmbH<\/title>\n<meta name=\"robots\" content=\"index, follow, max-snippet:-1, max-image-preview:large, max-video-preview:-1\" \/>\n<link rel=\"canonical\" href=\"https:\/\/www.khboddin.com\/es\/nosotros\/\" \/>\n<meta property=\"og:locale\" content=\"es_ES\" \/>\n<meta property=\"og:type\" content=\"article\" \/>\n<meta property=\"og:title\" content=\"Nosotros - KHBoddin GmbH\" \/>\n<meta property=\"og:description\" content=\"[vc_row heading_color=\u201clight\u201d bg_type=\u201ccolor\u201d padding_top_multiplier=\u201d\u201d padding_bottom_multiplier=\u201c2x\u201d columns_gap=\u201c60\u201d equal_column_height=\u201cequal-column\u201d mobile_equal_column_height=\u201cfalse\u201d bg_color=\u201c#262e39\u201d font_color=\u201d#ffffff\u201d][vc_column width=\u201c1\/2\u201d][vc_column_text]La responsa\u00adbilidad comercial y social, la honestidad, la claridad, el desempe\u00f1o \u00f3ptimo, as\u00ed como el cumpli\u00admiento de nuestra palabra son la base de nuestra actitud y por lo tanto la actitud de la empresa. Especial\u00admente en estos tiempos de mercados cada vez m\u00e1s r\u00e1pidos y [&hellip;]\" \/>\n<meta property=\"og:url\" content=\"https:\/\/www.khboddin.com\/es\/nosotros\/\" \/>\n<meta property=\"og:site_name\" content=\"KHBoddin GmbH\" \/>\n<meta property=\"article:modified_time\" content=\"2024-09-25T09:47:30+00:00\" \/>\n<meta name=\"twitter:card\" content=\"summary_large_image\" \/>\n<meta name=\"twitter:label1\" content=\"Tiempo de lectura\" \/>\n\t<meta name=\"twitter:data1\" content=\"2 minutos\" \/>\n<script type=\"application\/ld+json\" class=\"yoast-schema-graph\">{\"@context\":\"https:\\\/\\\/schema.org\",\"@graph\":[{\"@type\":\"WebPage\",\"@id\":\"https:\\\/\\\/www.khboddin.com\\\/es\\\/nosotros\\\/\",\"url\":\"https:\\\/\\\/www.khboddin.com\\\/es\\\/nosotros\\\/\",\"name\":\"Nosotros - KHBoddin GmbH\",\"isPartOf\":{\"@id\":\"https:\\\/\\\/www.khboddin.com\\\/#website\"},\"datePublished\":\"2020-02-12T13:35:57+00:00\",\"dateModified\":\"2024-09-25T09:47:30+00:00\",\"breadcrumb\":{\"@id\":\"https:\\\/\\\/www.khboddin.com\\\/es\\\/nosotros\\\/#breadcrumb\"},\"inLanguage\":\"es\",\"potentialAction\":[{\"@type\":\"ReadAction\",\"target\":[\"https:\\\/\\\/www.khboddin.com\\\/es\\\/nosotros\\\/\"]}]},{\"@type\":\"BreadcrumbList\",\"@id\":\"https:\\\/\\\/www.khboddin.com\\\/es\\\/nosotros\\\/#breadcrumb\",\"itemListElement\":[{\"@type\":\"ListItem\",\"position\":1,\"name\":\"Startseite\",\"item\":\"https:\\\/\\\/www.khboddin.com\\\/es\\\/\"},{\"@type\":\"ListItem\",\"position\":2,\"name\":\"Nosotros\"}]},{\"@type\":\"WebSite\",\"@id\":\"https:\\\/\\\/www.khboddin.com\\\/#website\",\"url\":\"https:\\\/\\\/www.khboddin.com\\\/\",\"name\":\"KHBoddin GmbH\",\"description\":\"\",\"potentialAction\":[{\"@type\":\"SearchAction\",\"target\":{\"@type\":\"EntryPoint\",\"urlTemplate\":\"https:\\\/\\\/www.khboddin.com\\\/?s={search_term_string}\"},\"query-input\":{\"@type\":\"PropertyValueSpecification\",\"valueRequired\":true,\"valueName\":\"search_term_string\"}}],\"inLanguage\":\"es\"}]}<\/script>\n<!-- \/ Yoast SEO plugin. -->","yoast_head_json":{"title":"Nosotros - KHBoddin GmbH","robots":{"index":"index","follow":"follow","max-snippet":"max-snippet:-1","max-image-preview":"max-image-preview:large","max-video-preview":"max-video-preview:-1"},"canonical":"https:\/\/www.khboddin.com\/es\/nosotros\/","og_locale":"es_ES","og_type":"article","og_title":"Nosotros - KHBoddin GmbH","og_description":"[vc_row heading_color=\u201clight\u201d bg_type=\u201ccolor\u201d padding_top_multiplier=\u201d\u201d padding_bottom_multiplier=\u201c2x\u201d columns_gap=\u201c60\u201d equal_column_height=\u201cequal-column\u201d mobile_equal_column_height=\u201cfalse\u201d bg_color=\u201c#262e39\u201d font_color=\u201d#ffffff\u201d][vc_column width=\u201c1\/2\u201d][vc_column_text]La responsa\u00adbilidad comercial y social, la honestidad, la claridad, el desempe\u00f1o \u00f3ptimo, as\u00ed como el cumpli\u00admiento de nuestra palabra son la base de nuestra actitud y por lo tanto la actitud de la empresa. Especial\u00admente en estos tiempos de mercados cada vez m\u00e1s r\u00e1pidos y [&hellip;]","og_url":"https:\/\/www.khboddin.com\/es\/nosotros\/","og_site_name":"KHBoddin GmbH","article_modified_time":"2024-09-25T09:47:30+00:00","twitter_card":"summary_large_image","twitter_misc":{"Tiempo de lectura":"2 minutos"},"schema":{"@context":"https:\/\/schema.org","@graph":[{"@type":"WebPage","@id":"https:\/\/www.khboddin.com\/es\/nosotros\/","url":"https:\/\/www.khboddin.com\/es\/nosotros\/","name":"Nosotros - KHBoddin GmbH","isPartOf":{"@id":"https:\/\/www.khboddin.com\/#website"},"datePublished":"2020-02-12T13:35:57+00:00","dateModified":"2024-09-25T09:47:30+00:00","breadcrumb":{"@id":"https:\/\/www.khboddin.com\/es\/nosotros\/#breadcrumb"},"inLanguage":"es","potentialAction":[{"@type":"ReadAction","target":["https:\/\/www.khboddin.com\/es\/nosotros\/"]}]},{"@type":"BreadcrumbList","@id":"https:\/\/www.khboddin.com\/es\/nosotros\/#breadcrumb","itemListElement":[{"@type":"ListItem","position":1,"name":"Startseite","item":"https:\/\/www.khboddin.com\/es\/"},{"@type":"ListItem","position":2,"name":"Nosotros"}]},{"@type":"WebSite","@id":"https:\/\/www.khboddin.com\/#website","url":"https:\/\/www.khboddin.com\/","name":"KHBoddin GmbH","description":"","potentialAction":[{"@type":"SearchAction","target":{"@type":"EntryPoint","urlTemplate":"https:\/\/www.khboddin.com\/?s={search_term_string}"},"query-input":{"@type":"PropertyValueSpecification","valueRequired":true,"valueName":"search_term_string"}}],"inLanguage":"es"}]}},"_links":{"self":[{"href":"https:\/\/www.khboddin.com\/es\/wp-json\/wp\/v2\/pages\/14470","targetHints":{"allow":["GET"]}}],"collection":[{"href":"https:\/\/www.khboddin.com\/es\/wp-json\/wp\/v2\/pages"}],"about":[{"href":"https:\/\/www.khboddin.com\/es\/wp-json\/wp\/v2\/types\/page"}],"author":[{"embeddable":true,"href":"https:\/\/www.khboddin.com\/es\/wp-json\/wp\/v2\/users\/4"}],"replies":[{"embeddable":true,"href":"https:\/\/www.khboddin.com\/es\/wp-json\/wp\/v2\/comments?post=14470"}],"version-history":[{"count":11,"href":"https:\/\/www.khboddin.com\/es\/wp-json\/wp\/v2\/pages\/14470\/revisions"}],"predecessor-version":[{"id":15168,"href":"https:\/\/www.khboddin.com\/es\/wp-json\/wp\/v2\/pages\/14470\/revisions\/15168"}],"wp:attachment":[{"href":"https:\/\/www.khboddin.com\/es\/wp-json\/wp\/v2\/media?parent=14470"}],"curies":[{"name":"wp","href":"https:\/\/api.w.org\/{rel}","templated":true}]}}