{"id":14477,"date":"2020-02-12T15:04:21","date_gmt":"2020-02-12T14:04:21","guid":{"rendered":"https:\/\/www.khboddin.com\/?page_id=14477"},"modified":"2025-05-27T09:56:58","modified_gmt":"2025-05-27T07:56:58","slug":"politica-de-privacidad","status":"publish","type":"page","link":"https:\/\/www.khboddin.com\/es\/politica-de-privacidad\/","title":{"rendered":"Pol\u00edtica de Privacidad"},"content":{"rendered":"<div class=\"wpb-content-wrapper\"><p>[vc_row heading_color=\u201clight\u201d][vc_column]<\/p><h1 class=\"grve-element grve-title grve-align-left grve-h1 grve-increase-heading grve-heading-200\" style><span>Pol\u00edtica de Privacidad<\/span><\/h1>[\/vc_column][\/vc_row][vc_row heading_color=\u201clight\u201d bg_type=\u201ccolor\u201d padding_top_multiplier=\u201c2x\u201d padding_bottom_multiplier=\u201c3x\u201d columns_gap=\u201c60\u201d bg_color=\u201c#262e39\u201d font_color=\u201d#ffffff\u201d][vc_column width=\u201c5\/6\u201d][vc_column_text el_class=\u201cdatenschutz\u201d]<strong>\u00c1mbito de aplicaci\u00f3n: KH Boddin Gruppe**<\/strong><br>\n<strong>KH Boddin GmbH**<\/strong><br>\n<strong>KHB Feed&nbsp;GmbH**<\/strong><br>\n<strong>Kapstadtring 7<\/strong><br>\n<strong>22297 Hamburg<\/strong><br>\n<strong>Germany<\/strong>\n<p><strong>Data protection \/ Disclaimer<\/strong><\/p>\n<p>KHB has carefully arranged the contents of this website to the best of its current knowledge. The use of this website or associated or linked websites takes place exclu\u00adsively at the user\u2019s own risk. Warranty claims or demands for payment of damages due to missing, false, or outdated data are hereby excluded, since this use is beyond our control.<\/p>\n<p>KHB is not respon\u00adsible and assumes no liability for damages of any kind, including indirect or conse\u00adquential damages which arise from downloading from or use of this website or associated or linked websites.<br>\nPayment and code references, text elements, and names are indicated without guarantee. This does not result in binding charac\u00adte\u00adristics guarantee.<\/p>\n<p>The regula\u00adtions, law, and third-party patent rights are to be observed by the solely-respon\u00adsible recipient of the goods or information.<\/p>\n<p>For direct or indirect reference to outside internet sites (links) which lie outside the range of respon\u00adsi\u00adbility of KHB, liability obliga\u00adtions only exist when KHB is aware of the content and it was possible and reasonable for KHB to prevent use in the event of illegal contents.<\/p>\n<p>If within KHB\u2019s internet offer it is possible to enter personal or business data (such as e-mail addresses\/addresses\/names\/telephone numbers), then the user provides this data exclu\u00adsively on a voluntary basis.<\/p>\n<p>KHB is dedicated to storing your personal and\/or company-related data so that it is not acces\u00adsible by third parties. We cannot ensure complete data security for e-mail corre\u00adspon\u00addence, so we recommend using postal services for confi\u00addential information.<\/p>\n<p>Each time you access our homepage and retrieve data stored on our homepage, this is logged. This serves system-related and statis\u00adtical purposes. In addition, we record the IP addresses of these computers.<\/p>\n<p>The user downloads files\/elements\/scripts within the context of the KHB internet presence\/offer exclu\u00adsively at his or her own risk. KHB has no liability for any damages to computing devices, software, or other peripherals.<\/p>\n<p>All infor\u00admation and recom\u00admen\u00adda\u00adtions for use within the context of this internet presence are non-binding.<\/p>\n<p>It is expressly forbidden to transfer the public and\/or protected contents on this website without accep\u00adtance by KHB to other programs, other websites, or other IT media or to use it commer\u00adcially in any other&nbsp;way.<br>\nThese condi\u00adtions remain binding in all other respects in the event of legal ineffec\u00adti\u00adveness or if individual points are modified. A regulation which appro\u00adxi\u00admates the economic purpose of the ineffective agreement as closely as possible is considered as agreed upon.<\/p>\n<p>This data protection\/disclaimer also applies to all future uses by the user of the KHB internet offer. It is provided on the KHB homepage on the internet (<a href=\"http:\/\/www.khboddin.com\/\">www\u200b.khboddin\u200b.com<\/a>) and thus the user cannot claim to not have access to them. When this data protection\/disclaimer is published, it voids all previous agreements.<\/p>\n<p>February 2020[\/vc_column_text]<\/p><div class=\"grve-empty-space grve-height-2x\" style><\/div>[vc_column_text css=\u201d\u201d el_class=\u201cdatenschutz\u201d]<strong>Pol\u00edtica de Privacidad<\/strong>\n<p>Aviso de protecci\u00f3n de datos para los socios comer\u00adciales de KHB basada en el Regla\u00admento General de Protecci\u00f3n de datos de la Uni\u00f3n Europea.<\/p>\n<p>Se\u00f1alamos que nuestra empresa almacena y procesa electr\u00f3\u00adni\u00adca\u00admente&nbsp;datos.<br>\nLa siguiente infor\u00admaci\u00f3n le brinda una descripci\u00f3n general de c\u00f3mo proce\u00adsamos sus datos perso\u00adnales y sus derechos relacionados.<\/p>\n<p>Que datos se procesan dependen en gran medida del tipo y el alcance de la relaci\u00f3n comercial.<\/p>\n<p><strong>1. Entidad responsable<\/strong><\/p>\n<p>La entidad responsable es:<\/p>\n<p>KH Boddin GmbH**<br>\nKHB Feed&nbsp;GmbH**<br>\nKapstadtring 7<br>\n22297 Hamburg<br>\nGermany<\/p>\n<p>Responsable de la protecci\u00f3n de&nbsp;datos:<br>\nPuede contactar a nuestro responsable de protecci\u00f3n de datos por correo electr\u00f3nico: <a href=\"mailto:datenschutz@capcad.de\">datenschutz@capcad.de<\/a>.<\/p>\n<p>Las responsa\u00adbil\u00adidades y tareas del responsable de protecci\u00f3n de datos resultan del marco legal y est\u00e1n reguladas en un contrato.<\/p>\n<p><strong>2. \u00bfQu\u00e9 datos utilizamos y c\u00f3mo los recopilamos?<\/strong><\/p>\n<p>Como parte del inicio y el desar\u00adrollo de una relaci\u00f3n comercial, proce\u00adsamos especial\u00admente las sigui\u00adentes categor\u00edas de datos de nuestros socios comer\u00adciales o sus personas de contacto, que hemos recibido direc\u00adta\u00admente de ellos para cumplir con nuestros contratos o a trav\u00e9s de un consen\u00adti\u00admiento otorgado.<\/p>\n<p>Por otro lado, proce\u00adsamos datos que hemos obtenido leg\u00edti\u00adma\u00admente de fuentes de acceso p\u00fablico (como por ejemplo: registro comercial, internet, asegu\u00adra\u00addoras de cr\u00e9dito):<\/p>\n<p>Partes interesadas:<br>\n- Datos perso\u00adnales \/ de contacto (por ejemplo: nombre, apellido, empresa, direcci\u00f3n, n\u00famero de tel\u00e9fono m\u00f3vil o tel\u00e9fono, fax, correo electr\u00f3nico).<br>\n- Datos con relaci\u00f3n a la corre\u00adspon\u00addencia (correos electr\u00f3\u00adnicos, corre\u00adspon\u00addencia de cartas).<\/p>\n<p>Proveedores\/prestadores de servicios:<br>\n- Datos perso\u00adnales \/ de contacto (por ejemplo: nombre, apellido, empresa, n\u00famero de tel\u00e9fono, m\u00f3vil, fax, correo electr\u00f3nico).<br>\n- Datos del contrato y factur\u00adaci\u00f3n (por ejemplo: datos bancarios, bienes \/ servicios pedidos, datos de factura, ofertas, n\u00famero de identi\u00adfi\u00adcaci\u00f3n tribu\u00adtaria, condi\u00adciones de pago y entrega).<br>\n- Datos relacio\u00adnados con la corre\u00adspon\u00addencia (correos electr\u00f3\u00adnicos, corre\u00adspon\u00addencia de cartas).<br>\nFunciones y Responsabilidades.<\/p>\n<p>Clientes:<br>\n- Datos perso\u00adnales \/ de contacto (por ejemplo: nombre, apellido, empresa, n\u00famero de tel\u00e9fono, m\u00f3vil, fax, correo electr\u00f3nico).<br>\n- Datos del contrato y factur\u00adaci\u00f3n (por ejemplo: datos bancarios, bienes \/ servicios pedidos, datos de factura, ofertas, n\u00famero de identi\u00adfi\u00adcaci\u00f3n tribu\u00adtaria, condi\u00adciones de pago y entrega).<br>\n- Datos relacio\u00adnados con la corre\u00adspon\u00addencia (correos electr\u00f3\u00adnicos, corre\u00adspon\u00addencia de cartas).<br>\nFunciones y Responsabilidades.<\/p>\n<p><strong>3. Prop\u00f3sito y base legal del proces\u00ada\u00admiento de&nbsp;datos<\/strong><\/p>\n<p>El \u00e1rea de actividad de nuestra empresa es el comercio de productos qu\u00edmicos, as\u00ed como de materias primas y aditivos para medica\u00admentos, alimentos y piensos, as\u00ed como todos los servicios comer\u00adciales y opera\u00adciones relacionadas.<\/p>\n<p>El proces\u00ada\u00admiento de datos se lleva a cabo para ejercer estas activiades bajo las dispo\u00adsi\u00adciones del Regla\u00admento General de Protecci\u00f3n de Datos de la Uni\u00f3n Europea (DSGVO), la Ley Federal de Protecci\u00f3n de Datos (BDSG) y todas las dem\u00e1s leyes relevantes (por ejemplo, HGB).<\/p>\n<p><strong>4. Proces\u00ada\u00admiento de datos para el cumpli\u00admiento del contrato o medidas precontractuales<\/strong><\/p>\n<p>En primera l\u00ednea el proces\u00ada\u00admiento de datos perso\u00adnales se realiza con el fin de cumplir \u00f3rdenes o contratos con nuestros clientes, prove\u00adedores y presta\u00addores de servicios.<br>\nEsto tambi\u00e9n puede incluir la imple\u00adment\u00adaci\u00f3n de medidas precon\u00adtrac\u00adtuales a solicitud del socio comercial.<\/p>\n<p>Si es necesario, tambi\u00e9n proce\u00adsamos sus datos por razones que se extienden al cumpli\u00admiento del contrato. Esto puede ocurrir si debemos proteger los intereses leg\u00edtimos de KHB, de terceros o el inter\u00e9s p\u00fablico (por ejemplo: regula\u00adciones fiscales, regula\u00adciones aduaneras).<\/p>\n<p><strong>5. Acceso a los&nbsp;datos<\/strong><\/p>\n<p>Dentro de nuestra empresa reciben acceso a sus datos aquellos depart\u00ada\u00admentos que los necesitan para cumplir con nuestras obliga\u00adciones legales y \/ o contrac\u00adtuales y\/o relacio\u00adnadas con las \u00f3rdenes y\/o con lo mencionado en los puntos anteriores. Los prove\u00adedores de servicios y los agentes empleados indirec\u00adta\u00admente por nosotros tambi\u00e9n podr\u00edan recibir datos para estos&nbsp;fines.<\/p>\n<p>Los datos solo se trans\u00admitir\u00e1n fuera de la empresa y del contexto comercial si as\u00ed lo exige la ley o si usted ha dado su consen\u00adti\u00admiento para&nbsp;ello.<\/p>\n<p>Todos los desti\u00adna\u00adtarios de datos est\u00e1n obligados a cumplir con la protecci\u00f3n de&nbsp;datos.<\/p>\n<p>Esto quiere decir que datos perso\u00adnales pueden ser trans\u00admitidos a:<\/p>\n<ul>\n<li>Organismos e insti\u00adtu\u00adciones p\u00fablicas (por ejemplo: autori\u00addades fiscales) en caso exista una obligaci\u00f3n legal u oficial.<\/li>\n<li>Empresas proces\u00adadoras a quienes trans\u00admi\u00adtimos datos perso\u00adnales con el fin de llevar a cabo la relaci\u00f3n comercial con usted (por ejemplo: soporte \/ manten\u00adimiento de sistemas de TI, destrucci\u00f3n de datos, trans\u00adac\u00adciones de pago, conta\u00adbilidad, auditores, presta\u00addores de servicios).<\/li>\n<li>Aquellas instancias para las cuales nos ha dado su consen\u00adti\u00admiento para la trans\u00admisi\u00f3n de&nbsp;datos.<\/li>\n<\/ul>\n<p>&nbsp;<\/p>\n<p><strong>6. Duraci\u00f3n del almacen\u00ada\u00admiento de&nbsp;datos<\/strong><\/p>\n<p>Proce\u00adsamos y almace\u00adnamos sus datos perso\u00adnales siempre que sea necesario para cumplir con los fines mencio\u00adnados en la secci\u00f3n 3. Cabe se\u00f1alar que nuestra relaci\u00f3n comercial es general\u00admente a largo&nbsp;plazo.<\/p>\n<p>Si los datos ya no son necesarios para el cumpli\u00admiento de las obliga\u00adciones contrac\u00adtuales o legales, deben elimi\u00adnarse peri\u00f3\u00addi\u00adca\u00admente, a menos que su proces\u00ada\u00admiento temporal adicional sea necesario para los sigui\u00adentes prop\u00f3sitos:<\/p>\n<ul>\n<li>Cumpli\u00admiento de los per\u00edodos de retenci\u00f3n en virtud de la legis\u00adlaci\u00f3n comercial y fiscal, por ejemplo, de acuerdo con el C\u00f3digo de Comercio o el C\u00f3digo Fiscal. Los per\u00edodos mencio\u00adnados son de 2 a 10&nbsp;a\u00f1os<\/li>\n<li>Preser\u00advaci\u00f3n de la evidencia en el contexto del estatuto de prescrip\u00adciones (por ejemplo, \u00a7\u00a7 195ff. BGB).<\/li>\n<\/ul>\n<p>Todo interesado tiene derecho a la infor\u00admaci\u00f3n de acuerdo con el Art. 15 DSGVO, el derecho de correcci\u00f3n de acuerdo con el Art. 16 DSGVO, el derecho de elimi\u00adnaci\u00f3n de acuerdo con el Art. 17 DSGVO, el derecho de restricci\u00f3n de proces\u00ada\u00admiento de acuerdo con el Art. 18 DSGVO, el derecho a la revocaci\u00f3n del Art. 21 DSGVO, as\u00ed como el derecho a la trans\u00admisi\u00f3n de datos del Art. 20&nbsp;DSGVO.<\/p>\n<p>Las restric\u00adciones seg\u00fan \u00a7\u00a7 34 y 35 DSGVO se aplican al derecho a la infor\u00admaci\u00f3n y al derecho a elimi\u00adnarla. Adem\u00e1s, existe un derecho de apelaci\u00f3n ante la autoridad super\u00advisora \u200b\u200bresponsable de protecci\u00f3n de datos (Art. 77 DSGVO junto con la Secci\u00f3n 19&nbsp;DSGVO).<\/p>\n<p>Puede revocar su consen\u00adti\u00admiento para el proces\u00ada\u00admiento de datos perso\u00adnales en cualquier momento. Esto tambi\u00e9n se aplica a la revocaci\u00f3n de los consen\u00adti\u00admi\u00adentos que nos fueron otorgados antes de que el DSGVO entrara en vigencia, es decir, antes del 25 de mayo de 2018. Tenga en cuenta que la cance\u00adlaci\u00f3n solo se aplica al futuro. El proces\u00ada\u00admiento que tuvo lugar antes de la revocaci\u00f3n no se ve afectado.<\/p>\n<p><strong>7. Obligaci\u00f3n de propor\u00adcionar datos<\/strong><\/p>\n<p>Como parte de nuestra relaci\u00f3n comercial, debe propor\u00adcionar los datos perso\u00adnales necesarios para el estable\u00adci\u00admiento y desar\u00adrollo de nuestra relaci\u00f3n de negocios y el cumpli\u00admiento de las obliga\u00adciones contrac\u00adtuales asociadas o que estamos legal\u00admente obligados a recopilar.<\/p>\n<p><strong>8. Cookies<\/strong><\/p>\n<p>Algunos sitios web usan las llamadas cookies. Las cookies no da\u00f1an su compu\u00adtadora y no contienen virus. Las cookies son peque\u00f1os archivos de texto que se almacenan en su compu\u00adtadora y se guardan en su navegador.<\/p>\n<p>La mayor\u00eda de las cookies utilizadas son las llamadas \u201ccookies de sesi\u00f3n\u201d. Se elimi\u00adnar\u00e1n autom\u00e1\u00adti\u00adca\u00admente despu\u00e9s de su visita. Otras cookies perma\u00adnecen en su dispo\u00adsitivo hasta que las elimine.<\/p>\n<p>Puede confi\u00adgurar su navegador para que est\u00e9 informado sobre las cookies, solo permitir cookies en casos espec\u00ed\u00adficos, excluir la acept\u00adaci\u00f3n de cookies para ciertos casos o en general y activar la elimi\u00adnaci\u00f3n autom\u00e1tica de cookies cuando se cierra el navegador. Si las cookies est\u00e1n desac\u00adtivadas, la funcio\u00adnalidad de este sitio web puede verse afectada.[\/vc_column_text][\/vc_column][vc_column width=\u201c1\/6\u201d][\/vc_column][\/vc_row][vc_row font_color=\u201d#ffffff\u201d][vc_column][vc_column_text el_class=\u201cdatenschutz\u201d]** = El grupo KH Boddin est\u00e1 compuesto actual\u00admente por KH Boddin GmbH y KHB Feed GmbH. En el curso de\/en este sitio web, el Grupo KH Boddin (es decir, KH Boddin GmbH y KHB Feed GmbH) tambi\u00e9n se denominar\u00e1 KHB y KHB\u2019s respectivamente.[\/vc_column_text]<\/p><div class=\"grve-empty-space grve-height-1x\" style><\/div><div class=\"grve-element grve-divider\" style><div class=\"grve-line-divider grve-border\"><\/div><\/div>[\/vc_column][\/vc_row]\n<\/div>","protected":false},"excerpt":{"rendered":"<p>[vc_row heading_color=\u201clight\u201d][vc_column][\/vc_column][\/vc_row][vc_row heading_color=\u201clight\u201d bg_type=\u201ccolor\u201d padding_top_multiplier=\u201c2x\u201d padding_bottom_multiplier=\u201c3x\u201d columns_gap=\u201c60\u201d bg_color=\u201c#262e39\u201d font_color=\u201d#ffffff\u201d][vc_column width=\u201c5\/6\u201d][vc_column_text el_class=\u201cdatenschutz\u201d]\u00c1mbito de aplicaci\u00f3n: KH Boddin Gruppe** KH Boddin GmbH** KHB Feed&nbsp;GmbH** Kapstadtring 7 22297 Hamburg Germany Data protection \/ Disclaimer KHB has carefully arranged the contents of this website to the best of its current knowledge. The use of this website or associated or linked&nbsp;[\u2026]<\/p>\n","protected":false},"author":4,"featured_media":0,"parent":0,"menu_order":0,"comment_status":"closed","ping_status":"closed","template":"","meta":{"wp_typography_post_enhancements_disabled":false,"footnotes":""},"class_list":["post-14477","page","type-page","status-publish","hentry"],"yoast_head":"<!-- This site is optimized with the Yoast SEO plugin v27.5 - https:\/\/yoast.com\/product\/yoast-seo-wordpress\/ -->\n<title>Pol\u00edtica de Privacidad - KHBoddin GmbH<\/title>\n<meta name=\"robots\" content=\"index, follow, max-snippet:-1, max-image-preview:large, max-video-preview:-1\" \/>\n<link rel=\"canonical\" href=\"https:\/\/www.khboddin.com\/es\/politica-de-privacidad\/\" \/>\n<meta property=\"og:locale\" content=\"es_ES\" \/>\n<meta property=\"og:type\" content=\"article\" \/>\n<meta property=\"og:title\" content=\"Pol\u00edtica de Privacidad - KHBoddin GmbH\" \/>\n<meta property=\"og:description\" content=\"[vc_row heading_color=\u201clight\u201d][vc_column][\/vc_column][\/vc_row][vc_row heading_color=\u201clight\u201d bg_type=\u201ccolor\u201d padding_top_multiplier=\u201c2x\u201d padding_bottom_multiplier=\u201c3x\u201d columns_gap=\u201c60\u201d bg_color=\u201c#262e39\u201d font_color=\u201d#ffffff\u201d][vc_column width=\u201c5\/6\u201d][vc_column_text el_class=\u201cdatenschutz\u201d]\u00c1mbito de aplicaci\u00f3n: KH Boddin Gruppe** KH Boddin GmbH** KHB Feed&nbsp;GmbH** Kapstadtring 7 22297 Hamburg Germany Data protection \/ Disclaimer KHB has carefully arranged the contents of this website to the best of its current knowledge. The use of this website or associated or linked [&hellip;]\" \/>\n<meta property=\"og:url\" content=\"https:\/\/www.khboddin.com\/es\/politica-de-privacidad\/\" \/>\n<meta property=\"og:site_name\" content=\"KHBoddin GmbH\" \/>\n<meta property=\"article:modified_time\" content=\"2025-05-27T07:56:58+00:00\" \/>\n<meta name=\"twitter:card\" content=\"summary_large_image\" \/>\n<meta name=\"twitter:label1\" content=\"Tiempo de lectura\" \/>\n\t<meta name=\"twitter:data1\" content=\"10 minutos\" \/>\n<script type=\"application\/ld+json\" class=\"yoast-schema-graph\">{\"@context\":\"https:\\\/\\\/schema.org\",\"@graph\":[{\"@type\":\"WebPage\",\"@id\":\"https:\\\/\\\/www.khboddin.com\\\/es\\\/politica-de-privacidad\\\/\",\"url\":\"https:\\\/\\\/www.khboddin.com\\\/es\\\/politica-de-privacidad\\\/\",\"name\":\"Pol\u00edtica de Privacidad - KHBoddin GmbH\",\"isPartOf\":{\"@id\":\"https:\\\/\\\/www.khboddin.com\\\/#website\"},\"datePublished\":\"2020-02-12T14:04:21+00:00\",\"dateModified\":\"2025-05-27T07:56:58+00:00\",\"breadcrumb\":{\"@id\":\"https:\\\/\\\/www.khboddin.com\\\/es\\\/politica-de-privacidad\\\/#breadcrumb\"},\"inLanguage\":\"es\",\"potentialAction\":[{\"@type\":\"ReadAction\",\"target\":[\"https:\\\/\\\/www.khboddin.com\\\/es\\\/politica-de-privacidad\\\/\"]}]},{\"@type\":\"BreadcrumbList\",\"@id\":\"https:\\\/\\\/www.khboddin.com\\\/es\\\/politica-de-privacidad\\\/#breadcrumb\",\"itemListElement\":[{\"@type\":\"ListItem\",\"position\":1,\"name\":\"Startseite\",\"item\":\"https:\\\/\\\/www.khboddin.com\\\/es\\\/\"},{\"@type\":\"ListItem\",\"position\":2,\"name\":\"Pol\u00edtica de Privacidad\"}]},{\"@type\":\"WebSite\",\"@id\":\"https:\\\/\\\/www.khboddin.com\\\/#website\",\"url\":\"https:\\\/\\\/www.khboddin.com\\\/\",\"name\":\"KHBoddin GmbH\",\"description\":\"\",\"potentialAction\":[{\"@type\":\"SearchAction\",\"target\":{\"@type\":\"EntryPoint\",\"urlTemplate\":\"https:\\\/\\\/www.khboddin.com\\\/?s={search_term_string}\"},\"query-input\":{\"@type\":\"PropertyValueSpecification\",\"valueRequired\":true,\"valueName\":\"search_term_string\"}}],\"inLanguage\":\"es\"}]}<\/script>\n<!-- \/ Yoast SEO plugin. -->","yoast_head_json":{"title":"Pol\u00edtica de Privacidad - KHBoddin GmbH","robots":{"index":"index","follow":"follow","max-snippet":"max-snippet:-1","max-image-preview":"max-image-preview:large","max-video-preview":"max-video-preview:-1"},"canonical":"https:\/\/www.khboddin.com\/es\/politica-de-privacidad\/","og_locale":"es_ES","og_type":"article","og_title":"Pol\u00edtica de Privacidad - KHBoddin GmbH","og_description":"[vc_row heading_color=\u201clight\u201d][vc_column][\/vc_column][\/vc_row][vc_row heading_color=\u201clight\u201d bg_type=\u201ccolor\u201d padding_top_multiplier=\u201c2x\u201d padding_bottom_multiplier=\u201c3x\u201d columns_gap=\u201c60\u201d bg_color=\u201c#262e39\u201d font_color=\u201d#ffffff\u201d][vc_column width=\u201c5\/6\u201d][vc_column_text el_class=\u201cdatenschutz\u201d]\u00c1mbito de aplicaci\u00f3n: KH Boddin Gruppe** KH Boddin GmbH** KHB Feed&nbsp;GmbH** Kapstadtring 7 22297 Hamburg Germany Data protection \/ Disclaimer KHB has carefully arranged the contents of this website to the best of its current knowledge. The use of this website or associated or linked [&hellip;]","og_url":"https:\/\/www.khboddin.com\/es\/politica-de-privacidad\/","og_site_name":"KHBoddin GmbH","article_modified_time":"2025-05-27T07:56:58+00:00","twitter_card":"summary_large_image","twitter_misc":{"Tiempo de lectura":"10 minutos"},"schema":{"@context":"https:\/\/schema.org","@graph":[{"@type":"WebPage","@id":"https:\/\/www.khboddin.com\/es\/politica-de-privacidad\/","url":"https:\/\/www.khboddin.com\/es\/politica-de-privacidad\/","name":"Pol\u00edtica de Privacidad - KHBoddin GmbH","isPartOf":{"@id":"https:\/\/www.khboddin.com\/#website"},"datePublished":"2020-02-12T14:04:21+00:00","dateModified":"2025-05-27T07:56:58+00:00","breadcrumb":{"@id":"https:\/\/www.khboddin.com\/es\/politica-de-privacidad\/#breadcrumb"},"inLanguage":"es","potentialAction":[{"@type":"ReadAction","target":["https:\/\/www.khboddin.com\/es\/politica-de-privacidad\/"]}]},{"@type":"BreadcrumbList","@id":"https:\/\/www.khboddin.com\/es\/politica-de-privacidad\/#breadcrumb","itemListElement":[{"@type":"ListItem","position":1,"name":"Startseite","item":"https:\/\/www.khboddin.com\/es\/"},{"@type":"ListItem","position":2,"name":"Pol\u00edtica de Privacidad"}]},{"@type":"WebSite","@id":"https:\/\/www.khboddin.com\/#website","url":"https:\/\/www.khboddin.com\/","name":"KHBoddin GmbH","description":"","potentialAction":[{"@type":"SearchAction","target":{"@type":"EntryPoint","urlTemplate":"https:\/\/www.khboddin.com\/?s={search_term_string}"},"query-input":{"@type":"PropertyValueSpecification","valueRequired":true,"valueName":"search_term_string"}}],"inLanguage":"es"}]}},"_links":{"self":[{"href":"https:\/\/www.khboddin.com\/es\/wp-json\/wp\/v2\/pages\/14477","targetHints":{"allow":["GET"]}}],"collection":[{"href":"https:\/\/www.khboddin.com\/es\/wp-json\/wp\/v2\/pages"}],"about":[{"href":"https:\/\/www.khboddin.com\/es\/wp-json\/wp\/v2\/types\/page"}],"author":[{"embeddable":true,"href":"https:\/\/www.khboddin.com\/es\/wp-json\/wp\/v2\/users\/4"}],"replies":[{"embeddable":true,"href":"https:\/\/www.khboddin.com\/es\/wp-json\/wp\/v2\/comments?post=14477"}],"version-history":[{"count":14,"href":"https:\/\/www.khboddin.com\/es\/wp-json\/wp\/v2\/pages\/14477\/revisions"}],"predecessor-version":[{"id":15204,"href":"https:\/\/www.khboddin.com\/es\/wp-json\/wp\/v2\/pages\/14477\/revisions\/15204"}],"wp:attachment":[{"href":"https:\/\/www.khboddin.com\/es\/wp-json\/wp\/v2\/media?parent=14477"}],"curies":[{"name":"wp","href":"https:\/\/api.w.org\/{rel}","templated":true}]}}